{"id":825,"date":"2019-07-08T14:48:05","date_gmt":"2019-07-08T14:48:05","guid":{"rendered":"http:\/\/observetheword.com\/?page_id=825"},"modified":"2019-07-11T05:57:41","modified_gmt":"2019-07-11T05:57:41","slug":"milost-u-zakonu","status":"publish","type":"page","link":"http:\/\/observetheword.com\/index.php\/milost-u-zakonu\/","title":{"rendered":"Milost u zakonu"},"content":{"rendered":"\n<figure class=\"wp-block-image\"><img loading=\"lazy\" decoding=\"async\" width=\"934\" height=\"475\" src=\"http:\/\/observetheword.com\/wp-content\/uploads\/2019\/07\/Milost-u-zakonu.jpg\" alt=\"\" class=\"wp-image-837\" srcset=\"http:\/\/observetheword.com\/wp-content\/uploads\/2019\/07\/Milost-u-zakonu.jpg 934w, http:\/\/observetheword.com\/wp-content\/uploads\/2019\/07\/Milost-u-zakonu-300x153.jpg 300w, http:\/\/observetheword.com\/wp-content\/uploads\/2019\/07\/Milost-u-zakonu-768x391.jpg 768w\" sizes=\"auto, (max-width: 767px) 89vw, (max-width: 1000px) 54vw, (max-width: 1071px) 543px, 580px\" \/><figcaption><em>Ova<\/em> Power Point prezentacija ide uz biblijska predavanja odr\u017eana na tinejd\u017eerskom kampu 2K19 u Tuku u srpnju 2019. Predavanja u Tuku skra\u0107ena su verzija serije podcasta Interpretacija Petoknji\u017eja. Hvala Billu Brentu za prekrasne slike i dizajn prezentacije.\u00a0 <\/figcaption><\/figure>\n\n\n\n\n<table id=\"tablepress-4\" class=\"tablepress tablepress-id-4\">\n<thead>\n<tr class=\"row-1\">\n\t<th class=\"column-1\">Lesson<\/th><th class=\"column-2\">Title<\/th><th class=\"column-3\">Text<\/th><th class=\"column-4\">Powerpoint<\/th><th class=\"column-5\">PDF<\/th>\n<\/tr>\n<\/thead>\n<tbody class=\"row-striping row-hover\">\n<tr class=\"row-2\">\n\t<td class=\"column-1\">1<\/td><td class=\"column-2\">Savez i kraljestvo<\/td><td class=\"column-3\">Postanak 1-5<\/td><td class=\"column-4\"><a href=\"http:\/\/observetheword.com\/?ddownload=870\" title=\"PPt\" rel=\"nofollow\" class=\"ddownload-button button-yellow id-870 ext-pptx\">PPt<\/a><\/td><td class=\"column-5\"><a href=\"http:\/\/observetheword.com\/?ddownload=840\" title=\" PDF \" rel=\"nofollow\" class=\"ddownload-button button-red id-840 ext-pdf\"> PDF <\/a><\/td>\n<\/tr>\n<tr class=\"row-3\">\n\t<td class=\"column-1\">2<\/td><td class=\"column-2\">Savez i obe\u0107anje<\/td><td class=\"column-3\">Postanak 15<\/td><td class=\"column-4\"><a href=\"http:\/\/observetheword.com\/?ddownload=842\" title=\"PPt\" rel=\"nofollow\" class=\"ddownload-button button-yellow id-842 ext-pptx\">PPt<\/a><\/td><td class=\"column-5\"><a href=\"http:\/\/observetheword.com\/?ddownload=844\" title=\" PDF \" rel=\"nofollow\" class=\"ddownload-button button-red id-844 ext-pdf\"> PDF <\/a><\/td>\n<\/tr>\n<tr class=\"row-4\">\n\t<td class=\"column-1\">3<\/td><td class=\"column-2\">Savez i Bo\u017eje ime<\/td><td class=\"column-3\">Izlazak 32-34<\/td><td class=\"column-4\"><a href=\"http:\/\/observetheword.com\/?ddownload=846\" title=\"PPt\" rel=\"nofollow\" class=\"ddownload-button button-yellow id-846 ext-pptx\">PPt<\/a><\/td><td class=\"column-5\"><a href=\"http:\/\/observetheword.com\/?ddownload=848\" title=\" PDF \" rel=\"nofollow\" class=\"ddownload-button button-red id-848 ext-pdf\"> PDF <\/a><\/td>\n<\/tr>\n<tr class=\"row-5\">\n\t<td class=\"column-1\">4<\/td><td class=\"column-2\">Savez i svetost<\/td><td class=\"column-3\">Levitski zakonik 16-19<\/td><td class=\"column-4\"><a href=\"http:\/\/observetheword.com\/?ddownload=850\" title=\"PPt\" rel=\"nofollow\" class=\"ddownload-button button-yellow id-850 ext-pptx\">PPt<\/a><\/td><td class=\"column-5\"><a href=\"http:\/\/observetheword.com\/?ddownload=852\" title=\" PDF \" rel=\"nofollow\" class=\"ddownload-button button-red id-852 ext-pdf\"> PDF <\/a><\/td>\n<\/tr>\n<tr class=\"row-6\">\n\t<td class=\"column-1\">5<\/td><td class=\"column-2\">Savez i opro\u0161tenje<\/td><td class=\"column-3\">Psalam 51<\/td><td class=\"column-4\"><a href=\"http:\/\/observetheword.com\/?ddownload=854\" title=\"PPt\" rel=\"nofollow\" class=\"ddownload-button button-yellow id-854 ext-pptx\">PPt<\/a><\/td><td class=\"column-5\"><a href=\"http:\/\/observetheword.com\/?ddownload=856\" title=\" PDF \" rel=\"nofollow\" class=\"ddownload-button button-red id-856 ext-pdf\"> PDF <\/a><\/td>\n<\/tr>\n<tr class=\"row-7\">\n\t<td class=\"column-1\">6<\/td><td class=\"column-2\">Savez i zapovjedi dio 1<\/td><td class=\"column-3\">Ponovljeni zakon 5:7-16<\/td><td class=\"column-4\"><a href=\"http:\/\/observetheword.com\/?ddownload=858\" title=\"PPt\" rel=\"nofollow\" class=\"ddownload-button button-yellow id-858 ext-pptx\">PPt<\/a><\/td><td class=\"column-5\"><a href=\"http:\/\/observetheword.com\/?ddownload=861\" title=\" PDF \" rel=\"nofollow\" class=\"ddownload-button button-red id-861 ext-pdf\"> PDF <\/a><\/td>\n<\/tr>\n<tr class=\"row-8\">\n\t<td class=\"column-1\">7<\/td><td class=\"column-2\">Savez i zapovjedi dio 2<\/td><td class=\"column-3\">Ponovljeni zakon 5:17-21<\/td><td class=\"column-4\"><a href=\"http:\/\/observetheword.com\/?ddownload=862\" title=\"PPt\" rel=\"nofollow\" class=\"ddownload-button button-yellow id-862 ext-pptx\">PPt<\/a><\/td><td class=\"column-5\"><a href=\"http:\/\/observetheword.com\/?ddownload=864\" title=\" PDF \" rel=\"nofollow\" class=\"ddownload-button button-red id-864 ext-pdf\"> PDF <\/a><\/td>\n<\/tr>\n<tr class=\"row-9\">\n\t<td class=\"column-1\">8<\/td><td class=\"column-2\">Savez i mo\u0107<\/td><td class=\"column-3\">Gala\u0107anima 2:20; 5:16-25<\/td><td class=\"column-4\"><a href=\"http:\/\/observetheword.com\/?ddownload=866\" title=\"PPt\" rel=\"nofollow\" class=\"ddownload-button button-yellow id-866 ext-pptx\">PPt<\/a><\/td><td class=\"column-5\"><a href=\"http:\/\/observetheword.com\/?ddownload=868\" title=\" PDF \" rel=\"nofollow\" class=\"ddownload-button button-red id-868 ext-pdf\"> PDF <\/a><\/td>\n<\/tr>\n<tr class=\"row-10\">\n\t<td class=\"column-1\"><\/td><td class=\"column-2\">The Two Questions of Covenant<\/td><td class=\"column-3\">An essay by Michael Brent<\/td><td class=\"column-4\"><\/td><td class=\"column-5\"><a href=\"http:\/\/observetheword.com\/?ddownload=640\" title=\" PDF \" rel=\"nofollow\" class=\"ddownload-button button-red id-640 ext-pdf\"> PDF <\/a><\/td>\n<\/tr>\n<\/tbody>\n<\/table>\n<!-- #tablepress-4 from cache -->\n","protected":false},"excerpt":{"rendered":"","protected":false},"author":1,"featured_media":0,"parent":0,"menu_order":0,"comment_status":"closed","ping_status":"closed","template":"","meta":{"_monsterinsights_skip_tracking":false,"_monsterinsights_sitenote_active":false,"_monsterinsights_sitenote_note":"","_monsterinsights_sitenote_category":0,"episode_type":"","audio_file":"","podmotor_file_id":"","podmotor_episode_id":"","cover_image":"","cover_image_id":"","duration":"","filesize":"","filesize_raw":"","date_recorded":"","explicit":"","block":"","itunes_episode_number":"","itunes_title":"","itunes_season_number":"","itunes_episode_type":"","footnotes":""},"class_list":["post-825","page","type-page","status-publish","hentry"],"aioseo_notices":[],"_links":{"self":[{"href":"http:\/\/observetheword.com\/index.php\/wp-json\/wp\/v2\/pages\/825","targetHints":{"allow":["GET"]}}],"collection":[{"href":"http:\/\/observetheword.com\/index.php\/wp-json\/wp\/v2\/pages"}],"about":[{"href":"http:\/\/observetheword.com\/index.php\/wp-json\/wp\/v2\/types\/page"}],"author":[{"embeddable":true,"href":"http:\/\/observetheword.com\/index.php\/wp-json\/wp\/v2\/users\/1"}],"replies":[{"embeddable":true,"href":"http:\/\/observetheword.com\/index.php\/wp-json\/wp\/v2\/comments?post=825"}],"version-history":[{"count":3,"href":"http:\/\/observetheword.com\/index.php\/wp-json\/wp\/v2\/pages\/825\/revisions"}],"predecessor-version":[{"id":882,"href":"http:\/\/observetheword.com\/index.php\/wp-json\/wp\/v2\/pages\/825\/revisions\/882"}],"wp:attachment":[{"href":"http:\/\/observetheword.com\/index.php\/wp-json\/wp\/v2\/media?parent=825"}],"curies":[{"name":"wp","href":"https:\/\/api.w.org\/{rel}","templated":true}]}}